{"id":2553,"date":"2024-11-15T12:27:19","date_gmt":"2024-11-15T11:27:19","guid":{"rendered":"https:\/\/www.mondialstampi.it\/whistelblowing\/"},"modified":"2024-11-15T12:29:07","modified_gmt":"2024-11-15T11:29:07","slug":"whistelblowing","status":"publish","type":"page","link":"https:\/\/www.mondialstampi.it\/en\/whistelblowing\/","title":{"rendered":"Whistelblowing"},"content":{"rendered":"\t\t<div data-elementor-type=\"wp-page\" data-elementor-id=\"2553\" class=\"elementor elementor-2553 elementor-2522\" data-elementor-post-type=\"page\">\n\t\t\t\t<div class=\"elementor-element elementor-element-7d0ed515 e-flex e-con-boxed e-con e-parent\" data-id=\"7d0ed515\" data-element_type=\"container\" data-e-type=\"container\">\n\t\t\t\t\t<div class=\"e-con-inner\">\n\t\t\t\t<div class=\"elementor-element elementor-element-3d9e755c elementor-widget elementor-widget-text-editor\" data-id=\"3d9e755c\" data-element_type=\"widget\" data-e-type=\"widget\" data-widget_type=\"text-editor.default\">\n\t\t\t\t\t\t\t\t\t<h2>L\u2019istituto del Whistleblowing in sintesi<\/h2>\n<h3 class=\"wp-block-heading\">La normativa<\/h3>\n<p>il decreto legislativo 10 marzo 2023, n. 24 (\u201cdecreto whistleblowing\u201d) ha dato attuazione alla direttiva (UE) 2019\/1937 (\u201cdirettiva whistleblowing\u201d), riguardante la protezione delle persone che segnalano violazioni del diritto dell\u2019Unione e recante disposizioni riguardanti la protezione delle persone che segnalano violazioni delle disposizioni normative nazionali. <\/p>\n<h3 class=\"wp-block-heading\">Whistleblowing policy<\/h3>\n<p><strong>MONDIALSTAMPI DI CORTESE GIORGIO &amp; C. S.N.C. <\/strong>ha adottato una <a href=\"\/wp-content\/uploads\/2024\/11\/Procedura-segnalazioni-.pdf\" target=\"_blank\" rel=\"noreferrer noopener\">PROCEDURA<\/a> con indicazioni operative circa l\u2019oggetto, il contenuto, i destinatari, le modalit\u00e0 di trasmissione e di gestione delle segnalazioni riguardanti le violazioni che rientrano nell\u2019ambito di applicazione del citato decreto whistleblowing.<\/p>\n<h3 class=\"wp-block-heading\">Il canale interno di segnalazione<\/h3>\n<p>Le segnalazioni vanno trasmesse attraverso l\u2019apposito canale interno accessibile seguente indirizzo<a>: <\/a><a href=\"https:\/\/mondialstampi.whistleblowing.qhub.it\">https:\/\/mondialstampi.whistleblowing.qhub.it<\/a><\/p>\n<p>La piattaforma informatica permette di effettuare segnalazioni in forma scritta oppure in forma orale, registrando un messaggio vocale che sar\u00e0 criptato e morfizzato al fine di rendere la voce del segnalante non riconoscibile.<\/p>\n<p>Il segnalante potr\u00e0 richiedere al gestore del canale di segnalazione un incontro diretto, che sar\u00e0 stabilito entro un termine ragionevole.<\/p>\n<p>La piattaforma garantisce, grazie a strumenti di crittografia, la riservatezza sia dell\u2019identit\u00e0 del segnalante, sia della persona coinvolta e delle persone menzionate nella segnalazione, sia della documentazione pertinente.<\/p>\n<p>I dati sono salvati su server all\u2019esterno della rete aziendale.<\/p>\n<h3 class=\"wp-block-heading\"><span style=\"color: inherit; font-family: inherit; font-size: 1.75rem; text-align: var(--text-align);\">Altri canali di segnalazione:<\/span><\/h3>\n<p>Oltre al canale interno di segnalazione nell\u2019ambito del contesto lavorativo (vedi sopra) \u00e8 possibile, <strong>a determinate condizioni<\/strong>, presentare segnalazioni tramite:<\/p>\n<ul class=\"wp-block-list\">\n<li style=\"list-style-type: none;\">\n<ul class=\"wp-block-list\">\n<li>canale esterno (ANAC): <a href=\"https:\/\/whistleblowing.anticorruzione.it\/#\/\">https:\/\/whistleblowing.anticorruzione.it\/#\/<\/a><\/li>\n<\/ul>\n<\/li>\n<\/ul>\n<ul class=\"wp-block-list\">\n<li style=\"list-style-type: none;\">\n<ul class=\"wp-block-list\">\n<li>divulgazione pubblica (tramite la stampa, mezzi elettronici o mezzi di diffusione in grado di raggiungere un numero elevato di persone);<\/li>\n<\/ul>\n<\/li>\n<\/ul>\n<ul class=\"wp-block-list\">\n<li style=\"list-style-type: none;\">\n<ul class=\"wp-block-list\">\n<li>denuncia all\u2019Autorit\u00e0 giudiziaria o contabile.<\/li>\n<\/ul>\n<\/li>\n<\/ul>\n<p><strong>N.B.: l\u2019accesso al canale esterno \u00e8 consentito solo al ricorrere di determinate condizioni espressamente previste dal legislatore <\/strong> (per la scelta del canale di segnalazione diverso dal canale interno e per le condizioni che ne consentono l\u2019utilizzo si veda: https:\/\/www.anticorruzione.it\/-\/whistleblowing#p11).<\/p>\n<h3 class=\"wp-block-heading\">Trattamento dei dati personali<\/h3>\n<p>Si raccomanda di prendere visione della specifica <a href=\"\/wp-content\/uploads\/2024\/11\/informativa-privacy-.pdf\" target=\"_blank\" rel=\"noreferrer noopener\">informativa sul trattamento dei dati personali<\/a> predisposta ai sensi degli articoli 13 e 14 del Regolamento (UE) 2016\/679 (\u201c<strong>GDPR<\/strong>\u201d). Il segnalante, per procedere con la segnalazione attraverso il software, deve preventivamente prendere visione dell\u2019informativa relativa al trattamento dei dati personali, \u201cflaggando\u201d la relativa casella. <\/p>\n<h2 class=\"wp-block-heading\">Domande frequenti<\/h2>\n<h3 class=\"wp-block-heading\">Che cos\u2019\u00e8 il WHISTLEBLOWING?<\/h3>\n<h2><span style=\"color: var( --e-global-color-755dd03f ); font-family: var( --e-global-typography-text-font-family ), Sans-serif; font-size: var( --e-global-typography-text-font-size ); font-weight: var( --e-global-typography-text-font-weight ); text-align: var(--text-align);\">L\u2019azione di denuncia compiuta dal <\/span><strong style=\"font-family: var( --e-global-typography-text-font-family ), Sans-serif; font-size: var( --e-global-typography-text-font-size ); text-align: var(--text-align);\">whistleblower<\/strong><strong style=\"font-family: var( --e-global-typography-text-font-family ), Sans-serif; font-size: var( --e-global-typography-text-font-size ); text-align: var(--text-align);\">.<\/strong><span style=\"color: inherit; font-family: inherit; font-size: 1.75rem; text-align: var(--text-align);\"> <\/span><\/h2>\n<h3 class=\"wp-block-heading\">Chi \u00e8 il WHISTLEBLOWER o \u201csegnalante\u201d?<\/h3>\n<p>Il significato letterale \u00e8 \u201csoffiatore di fischietto\u201d, in italiano si pu\u00f2 definire come \u201csegnalante\u201d: in generale il termine indica il soggetto che segnala illeciti, comportamenti o situazioni irregolari non di interesse personale ma generale e di cui viene a conoscenza nell\u2019ambito dell\u2019 ambiente lavorativo a causa del suo ruolo (per es. dipendente o consulente aziendale).<\/p>\n<p>Nel concreto, possono effettuare una segnalazione: i lavoratori dipendenti, i lavoratori autonomi, i collaboratori, i liberi professionisti, i consulenti, i volontari e i tirocinanti, retribuiti e non retribuiti, che prestano la propria attivit\u00e0 a favore di <strong>MONDIALSTAMPI DI CORTESE GIORGIO &amp; C. S.N.C.<\/strong>; le persone con funzioni di amministrazione, direzione, controllo, vigilanza o rappresentanza, anche qualora tali funzioni siano esercitate in via di mero fatto, presso <strong>MONDIALSTAMPI DI CORTESE GIORGIO &amp; C. S.N.C.<\/strong><strong>.<\/strong> Tali soggetti segnalano informazioni sulle violazioni di cui sono venuti a conoscenza nell\u2019ambito del proprio contesto lavorativo.<\/p>\n<p>Le segnalazioni possono essere effettuate anche :<\/p>\n<ul>\n<li>quando il rapporto giuridico con <strong>MONDIALSTAMPI DI CORTESE GIORGIO &amp; C. S.N.C. <\/strong>non \u00e8 ancora iniziato, se le informazioni sulle violazioni sono state acquisite durante il processo di selezione o in altre fasi precontrattuali;<\/li>\n<li>durante il periodo di prova;<\/li>\n<li>successivamente allo scioglimento del rapporto giuridico se le informazioni sulle violazioni sono state acquisite nel corso del rapporto stesso.<\/li>\n<\/ul>\n<h3 class=\"wp-block-heading\">Cosa si pu\u00f2 segnalare?<\/h3>\n<ul class=\"wp-block-list\">\n<li style=\"list-style-type: none;\">\n<ul class=\"wp-block-list\">\n<li>illeciti che rientrano nell\u2019ambito di applicazione degli atti dell\u2019Unione europea o nazionali relativi ai seguenti settori: appalti pubblici, servizi, prodotti e mercati finanziari e prevenzione del riciclaggio e del finanziamento del terrorismo, sicurezza e conformit\u00e0 dei prodotti, sicurezza dei trasporti, tutela dell\u2019ambiente, radioprotezione e sicurezza nucleare, sicurezza degli alimenti e dei mangimi e salute e benessere degli animali, salute pubblica, protezione dei consumatori, tutela della vita privata e protezione dei dati personali e sicurezza delle reti e dei sistemi informativi;<\/li>\n<\/ul>\n<\/li>\n<\/ul>\n<ul class=\"wp-block-list\">\n<li style=\"list-style-type: none;\">\n<ul class=\"wp-block-list\">\n<li> atti od omissioni che ledono gli interessi finanziari dell\u2019Unione europea (a titolo esemplificativo: le frodi, la corruzione e qualsiasi altra attivit\u00e0 illegale connessa alle spese dell\u2019Unione);<\/li>\n<\/ul>\n<\/li>\n<\/ul>\n<ul class=\"wp-block-list\">\n<li style=\"list-style-type: none;\">\n<ul class=\"wp-block-list\">\n<li>atti od omissioni riguardanti il mercato interno (ad esempio, violazioni in materia di concorrenza e di aiuti di Stato);<\/li>\n<\/ul>\n<\/li>\n<\/ul>\n<ul class=\"wp-block-list\">\n<li style=\"list-style-type: none;\">\n<ul class=\"wp-block-list\">\n<li> atti o comportamenti che vanificano l\u2019oggetto o la finalit\u00e0 delle disposizioni di cui agli atti dell\u2019Unione europea nei settori indicati nei punti precedenti (per esempio, le pratiche abusive che violano la tutela della libera concorrenza).<\/li>\n<\/ul>\n<\/li>\n<\/ul>\n<p>A titolo esemplificativo e non esaustivo, vanno segnalate le violazioni o le presunte violazioni, nazionali o del diritto comunitario relative a: illeciti contabili, tributari o falsificazione di documenti; violazioni relative alla tutela della salute e sicurezza sul lavoro, all\u2019ambiente, alla tutela della privacy e dei dati personali, alla tutela dei consumatori, violazioni o inadempimenti tributari o fiscali, corruzione; negligenze o condotte che possono causare casi di corruzione, etc.<\/p>\n<h3 class=\"wp-block-heading\">Come deve essere effettuata la segnalazione tramite il canale interno di segnalazione?<\/h3>\n<p>La segnalazione deve essere circostanziata e contenere tutti gli elementi utili ad accertare la fondatezza dei fatti oggetto della segnalazione, per consentire al soggetto gestore di procedere alle dovute verifiche. La segnalazione non deve avere contenuto diffamatorio o calunnioso. <\/p>\n<p>Elementi essenziali sono: i dati identificativi della persona segnalante (nome, cognome, etc.), nonch\u00e9 un recapito a cui comunicare i successivi aggiornamenti o le modalit\u00e0 con cui il segnalante desidera essere contattato; le circostanze di tempo e di luogo in cui si \u00e8 verificato il fatto oggetto della segnalazione; una descrizione chiara e completa dei fatti oggetto della segnalazione, e comunque ogni altra informazione che possa essere utile al riscontro circa la fondatezza del fatto segnalato; l\u2019indicazione di eventuali altre persone che possano riportare i fatti oggetto di segnalazione; le generalit\u00e0 o altri elementi che consentano di identificare il soggetto cui attribuire i fatti segnalati; eventuali documenti o elementi che possano confermare la fondatezza dei fatti esposti.<\/p>\n<h2> <\/h2>\n<p>La piattaforma informatica \u00e8 messa a disposizione del segnalante all\u2019indirizzo: <a href=\"https:\/\/mondialstampi.whistleblowing.qhub.it\">https:\/\/mondialstampi.whistleblowing.qhub.it<\/a> ed agevola, tramite campi guidati, l\u2019inserimento di tutti gli elementi utili per consentire al gestore della segnalazione di procedere alle verifiche ed agli accertamenti sulla fondatezza dei fatti oggetto di segnalazione.<\/p>\n<p>Le segnalazioni devono essere fatte in buona fede e riportare fatti di cui il segnalante abbia conoscenza, avendo lo stesso motivi ragionevoli di ritenere che le informazioni comunicate siano vere: resta impregiudicata la responsabilit\u00e0 penale e civile del segnalante qualora la segnalazione integri il reato di calunnia o di diffamazione. L\u2019invio con dolo o colpa grave di segnalazioni che si rivelino infondate saranno oggetto di provvedimenti disciplinari <\/p>\n<p>Le segnalazioni devono essere effettuate il pi\u00f9 sollecitamente possibile rispetto alla conoscenza dei fatti in modo da consentirne una tempestiva verifica.<\/p>\n<h3 class=\"wp-block-heading\">Cosa non si pu\u00f2 segnalare?<\/h3>\n<p>Non costituiscono segnalazioni c.d. whistleblowing: le contestazioni, rivendicazioni o richieste legate ad un interesse di carattere personale del segnalante che attengono esclusivamente al proprio rapporto individuale di lavoro, ovvero inerenti al proprio rapporto con le figure gerarchicamente sovraordinate (es. segnalazioni riguardanti vertenze di lavoro); le comunicazioni o i reclami relativi ad attivit\u00e0 di natura commerciale o di servizi al pubblico, e le cosiddette \u201cvoci di corridoio\u201d.<\/p>\n<h3 class=\"wp-block-heading\">Come segnalare?<\/h3>\n<p><strong>MONDIALSTAMPI DI CORTESE GIORGIO &amp; C. S.N.C. <\/strong>ha adottato i seguenti canali tramite i quali \u00e8 possibile presentare una segnalazione:<\/p>\n<ul class=\"wp-block-list\">\n<li>Portale\/software, raggiungibile all\u2019indirizzo: <a style=\"font-family: var( --e-global-typography-text-font-family ), Sans-serif; font-size: var( --e-global-typography-text-font-size ); text-align: var(--text-align); background-color: #ffffff;\" href=\"https:\/\/mondialstampi.whistleblowing.qhub.it\">https:\/\/mondialstampi.whistleblowing.qhub.it<\/a>\n<\/li>\n<li style=\"list-style-type: none;\">\n<ul class=\"wp-block-list\">\n<li>Registrazione vocale (su una messaggeria\/casella vocale registrata) nel Portale\/Software in cui la voce \u00e8 resa irriconoscibile<\/li>\n<\/ul>\n<\/li>\n<\/ul>\n<ul class=\"wp-block-list\">\n<li style=\"list-style-type: none;\">\n<ul class=\"wp-block-list\">\n<li>incontro diretto (su richiesta) con il gestore delle segnalazioni FAIV \u2013 FEDERAZIONE ARTIGIANI IMPRENDITORI VICENTINI, nella persona dell\u2019Ing. Marco Zanchin presso la sede di Confartigianato Vicenza, Via E. Fermi 134, 36100 Vicenza (VI). Tale incontro potr\u00e0 essere richiesto dal segnalante tramite la stessa piattaforma informatica mediante segnalazione scritta, oppure telefonando in orario d\u2019ufficio direttamente al numero 0444392300  <\/li>\n<\/ul>\n<\/li>\n<\/ul>\n<p>Le Istruzioni d\u2019uso del Portale\/Software nonch\u00e9 l\u2019Informativa privacy relativa al trattamento dei dati personali sono visionabili collegandosi all\u2019indirizzo sopra menzionato. il segnalante viene informato del ricevimento della segnalazione e degli esiti degli accertamenti svolti in merito. <\/p>\n<h3 class=\"wp-block-heading\">Sono ammesse le segnalazioni anonime?<\/h3>\n<p>Le segnalazioni dalle quali non \u00e8 possibile ricavare l\u2019identit\u00e0 del segnalante, sono considerate anonime. Le segnalazioni anonime, ove circostanziate, sono equiparate a segnalazioni ordinarie e trattate consequenzialmente in conformit\u00e0 a quanto previsto nella presente procedura. <\/p>\n<p>In caso di segnalazione anonima non potranno essere attivate le tutele che la normativa dispone per il segnalante. In ogni caso, il segnalante anonimo, se successivamente identificato, potr\u00e0 usufruire della tutela che la normativa assicura a fronte di eventuali ritorsioni o discriminazioni nei suoi confronti (vedi paragrafo successivo). <\/p>\n<h3 class=\"wp-block-heading\">I<span style=\"color: inherit; font-family: inherit; font-size: 1.75rem; text-align: var(--text-align);\">l segnalante come viene tutelato?<\/span><\/h3>\n<p>In tutto il processo di segnalazione<a>, <\/a><strong>MONDIALSTAMPI DI CORTESE GIORGIO &amp; C. S.N.C. <\/strong>garantisce la riservatezza del segnalante, nel rispetto delle disposizioni legislative, vieta (e sanziona) ogni forma di ritorsione o discriminazione (diretta o indiretta, attiva od omissiva, anche solo minacciata o tentata) nei confronti dei segnalante, in conseguenza della sua segnalazione. Questi comportamenti (ritorsivi o discriminatori) saranno oggetto di sanzione disciplinare. <strong>MONDIALSTAMPI DI CORTESE GIORGIO &amp; C. S.N.C. <\/strong> garantisce la tutela anche dei terzi collegati al segnalante (parenti, colleghi, soggetti giuridici di cui i segnalanti sono proprietari o per cui lavorano, facilitatori) che operano in un contesto lavorativo collegato a <strong>MONDIALSTAMPI DI CORTESE GIORGIO &amp; C. S.N.C. <\/strong>Per facilitatore s\u2019intende chi assiste il segnalante nel processo di effettuazione della segnalazione, operante all\u2019interno del medesimo contesto lavorativo e la cui assistenza deve essere mantenuta riservata. <\/p>\n<h3 class=\"wp-block-heading\">Tempi di conservazione dei dati<\/h3>\n<p>In nessun caso i dati della segnalazione e la documentazione relativa saranno conservati per un periodo di tempo superiore a 5 anni a decorrere dalla data della comunicazione dell&#8217;esito finale della procedura di segnalazione.<\/p>\n\t\t\t\t\t\t\t\t<\/div>\n\t\t\t\t\t<\/div>\n\t\t\t\t<\/div>\n\t\t\t\t<\/div>\n\t\t","protected":false},"excerpt":{"rendered":"<p>L\u2019istituto del Whistleblowing in sintesi La normativa il decreto legislativo 10 marzo 2023, n. 24 (\u201cdecreto whistleblowing\u201d) ha dato attuazione alla direttiva (UE) 2019\/1937 (\u201cdirettiva whistleblowing\u201d), riguardante la protezione delle persone che segnalano violazioni del diritto dell\u2019Unione e recante disposizioni riguardanti la protezione delle persone che segnalano violazioni delle disposizioni normative nazionali. Whistleblowing policy MONDIALSTAMPI [&hellip;]<\/p>\n","protected":false},"author":7,"featured_media":0,"parent":0,"menu_order":0,"comment_status":"closed","ping_status":"closed","template":"","meta":{"footnotes":""},"class_list":["post-2553","page","type-page","status-publish","hentry"],"yoast_head":"<!-- This site is optimized with the Yoast SEO plugin v26.9 - https:\/\/yoast.com\/product\/yoast-seo-wordpress\/ -->\n<title>Whistelblowing - Mondialstampi<\/title>\n<meta name=\"robots\" content=\"index, follow, max-snippet:-1, max-image-preview:large, max-video-preview:-1\" \/>\n<link rel=\"canonical\" href=\"https:\/\/www.mondialstampi.it\/en\/whistelblowing\/\" \/>\n<meta property=\"og:locale\" content=\"en_US\" \/>\n<meta property=\"og:type\" content=\"article\" \/>\n<meta property=\"og:title\" content=\"Whistelblowing - Mondialstampi\" \/>\n<meta property=\"og:description\" content=\"L\u2019istituto del Whistleblowing in sintesi La normativa il decreto legislativo 10 marzo 2023, n. 24 (\u201cdecreto whistleblowing\u201d) ha dato attuazione alla direttiva (UE) 2019\/1937 (\u201cdirettiva whistleblowing\u201d), riguardante la protezione delle persone che segnalano violazioni del diritto dell\u2019Unione e recante disposizioni riguardanti la protezione delle persone che segnalano violazioni delle disposizioni normative nazionali. Whistleblowing policy MONDIALSTAMPI [&hellip;]\" \/>\n<meta property=\"og:url\" content=\"https:\/\/www.mondialstampi.it\/en\/whistelblowing\/\" \/>\n<meta property=\"og:site_name\" content=\"Mondialstampi\" \/>\n<meta property=\"article:modified_time\" content=\"2024-11-15T11:29:07+00:00\" \/>\n<meta name=\"twitter:card\" content=\"summary_large_image\" \/>\n<meta name=\"twitter:label1\" content=\"Est. reading time\" \/>\n\t<meta name=\"twitter:data1\" content=\"8 minutes\" \/>\n<script type=\"application\/ld+json\" class=\"yoast-schema-graph\">{\"@context\":\"https:\/\/schema.org\",\"@graph\":[{\"@type\":\"WebPage\",\"@id\":\"https:\/\/www.mondialstampi.it\/en\/whistelblowing\/\",\"url\":\"https:\/\/www.mondialstampi.it\/en\/whistelblowing\/\",\"name\":\"Whistelblowing - Mondialstampi\",\"isPartOf\":{\"@id\":\"https:\/\/www.mondialstampi.it\/#website\"},\"datePublished\":\"2024-11-15T11:27:19+00:00\",\"dateModified\":\"2024-11-15T11:29:07+00:00\",\"breadcrumb\":{\"@id\":\"https:\/\/www.mondialstampi.it\/en\/whistelblowing\/#breadcrumb\"},\"inLanguage\":\"en-US\",\"potentialAction\":[{\"@type\":\"ReadAction\",\"target\":[\"https:\/\/www.mondialstampi.it\/en\/whistelblowing\/\"]}]},{\"@type\":\"BreadcrumbList\",\"@id\":\"https:\/\/www.mondialstampi.it\/en\/whistelblowing\/#breadcrumb\",\"itemListElement\":[{\"@type\":\"ListItem\",\"position\":1,\"name\":\"Home\",\"item\":\"https:\/\/www.mondialstampi.it\/en\/home\/\"},{\"@type\":\"ListItem\",\"position\":2,\"name\":\"Whistelblowing\"}]},{\"@type\":\"WebSite\",\"@id\":\"https:\/\/www.mondialstampi.it\/#website\",\"url\":\"https:\/\/www.mondialstampi.it\/\",\"name\":\"Mondialstampi\",\"description\":\"Design, Progettazione &amp; Prototipazione\",\"publisher\":{\"@id\":\"https:\/\/www.mondialstampi.it\/#organization\"},\"potentialAction\":[{\"@type\":\"SearchAction\",\"target\":{\"@type\":\"EntryPoint\",\"urlTemplate\":\"https:\/\/www.mondialstampi.it\/?s={search_term_string}\"},\"query-input\":{\"@type\":\"PropertyValueSpecification\",\"valueRequired\":true,\"valueName\":\"search_term_string\"}}],\"inLanguage\":\"en-US\"},{\"@type\":\"Organization\",\"@id\":\"https:\/\/www.mondialstampi.it\/#organization\",\"name\":\"Mondialstampi\",\"url\":\"https:\/\/www.mondialstampi.it\/\",\"logo\":{\"@type\":\"ImageObject\",\"inLanguage\":\"en-US\",\"@id\":\"https:\/\/www.mondialstampi.it\/#\/schema\/logo\/image\/\",\"url\":\"https:\/\/www.mondialstampi.it\/wp-content\/uploads\/2021\/02\/logo.svg\",\"contentUrl\":\"https:\/\/www.mondialstampi.it\/wp-content\/uploads\/2021\/02\/logo.svg\",\"width\":1,\"height\":1,\"caption\":\"Mondialstampi\"},\"image\":{\"@id\":\"https:\/\/www.mondialstampi.it\/#\/schema\/logo\/image\/\"}}]}<\/script>\n<!-- \/ Yoast SEO plugin. -->","yoast_head_json":{"title":"Whistelblowing - Mondialstampi","robots":{"index":"index","follow":"follow","max-snippet":"max-snippet:-1","max-image-preview":"max-image-preview:large","max-video-preview":"max-video-preview:-1"},"canonical":"https:\/\/www.mondialstampi.it\/en\/whistelblowing\/","og_locale":"en_US","og_type":"article","og_title":"Whistelblowing - Mondialstampi","og_description":"L\u2019istituto del Whistleblowing in sintesi La normativa il decreto legislativo 10 marzo 2023, n. 24 (\u201cdecreto whistleblowing\u201d) ha dato attuazione alla direttiva (UE) 2019\/1937 (\u201cdirettiva whistleblowing\u201d), riguardante la protezione delle persone che segnalano violazioni del diritto dell\u2019Unione e recante disposizioni riguardanti la protezione delle persone che segnalano violazioni delle disposizioni normative nazionali. Whistleblowing policy MONDIALSTAMPI [&hellip;]","og_url":"https:\/\/www.mondialstampi.it\/en\/whistelblowing\/","og_site_name":"Mondialstampi","article_modified_time":"2024-11-15T11:29:07+00:00","twitter_card":"summary_large_image","twitter_misc":{"Est. reading time":"8 minutes"},"schema":{"@context":"https:\/\/schema.org","@graph":[{"@type":"WebPage","@id":"https:\/\/www.mondialstampi.it\/en\/whistelblowing\/","url":"https:\/\/www.mondialstampi.it\/en\/whistelblowing\/","name":"Whistelblowing - Mondialstampi","isPartOf":{"@id":"https:\/\/www.mondialstampi.it\/#website"},"datePublished":"2024-11-15T11:27:19+00:00","dateModified":"2024-11-15T11:29:07+00:00","breadcrumb":{"@id":"https:\/\/www.mondialstampi.it\/en\/whistelblowing\/#breadcrumb"},"inLanguage":"en-US","potentialAction":[{"@type":"ReadAction","target":["https:\/\/www.mondialstampi.it\/en\/whistelblowing\/"]}]},{"@type":"BreadcrumbList","@id":"https:\/\/www.mondialstampi.it\/en\/whistelblowing\/#breadcrumb","itemListElement":[{"@type":"ListItem","position":1,"name":"Home","item":"https:\/\/www.mondialstampi.it\/en\/home\/"},{"@type":"ListItem","position":2,"name":"Whistelblowing"}]},{"@type":"WebSite","@id":"https:\/\/www.mondialstampi.it\/#website","url":"https:\/\/www.mondialstampi.it\/","name":"Mondialstampi","description":"Design, Progettazione &amp; Prototipazione","publisher":{"@id":"https:\/\/www.mondialstampi.it\/#organization"},"potentialAction":[{"@type":"SearchAction","target":{"@type":"EntryPoint","urlTemplate":"https:\/\/www.mondialstampi.it\/?s={search_term_string}"},"query-input":{"@type":"PropertyValueSpecification","valueRequired":true,"valueName":"search_term_string"}}],"inLanguage":"en-US"},{"@type":"Organization","@id":"https:\/\/www.mondialstampi.it\/#organization","name":"Mondialstampi","url":"https:\/\/www.mondialstampi.it\/","logo":{"@type":"ImageObject","inLanguage":"en-US","@id":"https:\/\/www.mondialstampi.it\/#\/schema\/logo\/image\/","url":"https:\/\/www.mondialstampi.it\/wp-content\/uploads\/2021\/02\/logo.svg","contentUrl":"https:\/\/www.mondialstampi.it\/wp-content\/uploads\/2021\/02\/logo.svg","width":1,"height":1,"caption":"Mondialstampi"},"image":{"@id":"https:\/\/www.mondialstampi.it\/#\/schema\/logo\/image\/"}}]}},"_links":{"self":[{"href":"https:\/\/www.mondialstampi.it\/en\/wp-json\/wp\/v2\/pages\/2553","targetHints":{"allow":["GET"]}}],"collection":[{"href":"https:\/\/www.mondialstampi.it\/en\/wp-json\/wp\/v2\/pages"}],"about":[{"href":"https:\/\/www.mondialstampi.it\/en\/wp-json\/wp\/v2\/types\/page"}],"author":[{"embeddable":true,"href":"https:\/\/www.mondialstampi.it\/en\/wp-json\/wp\/v2\/users\/7"}],"replies":[{"embeddable":true,"href":"https:\/\/www.mondialstampi.it\/en\/wp-json\/wp\/v2\/comments?post=2553"}],"version-history":[{"count":3,"href":"https:\/\/www.mondialstampi.it\/en\/wp-json\/wp\/v2\/pages\/2553\/revisions"}],"predecessor-version":[{"id":2556,"href":"https:\/\/www.mondialstampi.it\/en\/wp-json\/wp\/v2\/pages\/2553\/revisions\/2556"}],"wp:attachment":[{"href":"https:\/\/www.mondialstampi.it\/en\/wp-json\/wp\/v2\/media?parent=2553"}],"curies":[{"name":"wp","href":"https:\/\/api.w.org\/{rel}","templated":true}]}}